{"id":1655,"date":"2025-05-13T10:56:44","date_gmt":"2025-05-13T08:56:44","guid":{"rendered":"https:\/\/groupenuits.com\/?page_id=1655"},"modified":"2026-03-18T09:59:46","modified_gmt":"2026-03-18T08:59:46","slug":"hors-cadre","status":"publish","type":"page","link":"https:\/\/groupenuits.com\/index.php\/hors-cadre\/","title":{"rendered":"hors cadre"},"content":{"rendered":"\n<div class=\"wp-block-columns is-layout-flex wp-container-core-columns-is-layout-1 wp-block-columns-is-layout-flex\">\n<div class=\"wp-block-column is-layout-flow wp-block-column-is-layout-flow\">\n<figure class=\"wp-block-image size-large is-resized\"><a href=\"https:\/\/groupenuits.com\/wp-admin\/post.php?post=2044&amp;action=edit\"><img loading=\"lazy\" decoding=\"async\" width=\"1024\" height=\"683\" src=\"http:\/\/groupenuits.com\/wp-content\/uploads\/2025\/05\/garanceli-chamailles-juin23-0235-1024x683.jpg\" alt=\"\" class=\"wp-image-1741\" style=\"width:462px;height:auto\" srcset=\"https:\/\/groupenuits.com\/wp-content\/uploads\/2025\/05\/garanceli-chamailles-juin23-0235-1024x683.jpg 1024w, https:\/\/groupenuits.com\/wp-content\/uploads\/2025\/05\/garanceli-chamailles-juin23-0235-300x200.jpg 300w, https:\/\/groupenuits.com\/wp-content\/uploads\/2025\/05\/garanceli-chamailles-juin23-0235-768x512.jpg 768w, https:\/\/groupenuits.com\/wp-content\/uploads\/2025\/05\/garanceli-chamailles-juin23-0235-1536x1024.jpg 1536w, https:\/\/groupenuits.com\/wp-content\/uploads\/2025\/05\/garanceli-chamailles-juin23-0235-2048x1365.jpg 2048w, https:\/\/groupenuits.com\/wp-content\/uploads\/2025\/05\/garanceli-chamailles-juin23-0235-930x620.jpg 930w\" sizes=\"(max-width: 1024px) 100vw, 1024px\" \/><\/a><\/figure>\n\n\n\n<p><strong><em>J&rsquo;IRAI DANSER CHEZ VOUS !<\/em><\/strong><br>Dispositif d&rsquo;artistes \u00e0 domicile \u00e0 l&rsquo;\u00e9chelle d&rsquo;un \u00e9tablissement, d&rsquo;un quartier, d&rsquo;une ville&#8230;.<\/p>\n<\/div>\n\n\n\n<div class=\"wp-block-column is-layout-flow wp-block-column-is-layout-flow\">\n<figure class=\"wp-block-image size-large\"><a href=\"https:\/\/www.grandbourg.fr\/4556-terres-de-bresse.htm#:~:text=Ce%20personnage%20fictif%20a%20quitt%C3%A9,les%20habitants%20%C3%A0%20l'organiser.&amp;text=veulent%20s'inscrire%20dans%20le,structures%20jeunesse%20ou%20personnes%20%C3%A2g%C3%A9es.\"><img loading=\"lazy\" decoding=\"async\" width=\"1024\" height=\"683\" src=\"http:\/\/groupenuits.com\/wp-content\/uploads\/2022\/08\/garance-li-TVEC10-2709-068-1024x683.jpg\" alt=\"\" class=\"wp-image-1355\" srcset=\"https:\/\/groupenuits.com\/wp-content\/uploads\/2022\/08\/garance-li-TVEC10-2709-068-1024x683.jpg 1024w, https:\/\/groupenuits.com\/wp-content\/uploads\/2022\/08\/garance-li-TVEC10-2709-068-300x200.jpg 300w, https:\/\/groupenuits.com\/wp-content\/uploads\/2022\/08\/garance-li-TVEC10-2709-068-768x512.jpg 768w, https:\/\/groupenuits.com\/wp-content\/uploads\/2022\/08\/garance-li-TVEC10-2709-068-930x620.jpg 930w, https:\/\/groupenuits.com\/wp-content\/uploads\/2022\/08\/garance-li-TVEC10-2709-068.jpg 1500w\" sizes=\"(max-width: 1024px) 100vw, 1024px\" \/><\/a><\/figure>\n\n\n\n<p><strong><em>QUI EST SAM ? <\/em><\/strong><br>Convention Territoriale d&rsquo;Education Artistique et Culturelle en Bresse co-port\u00e9e avec la Cie Institout<\/p>\n<\/div>\n\n\n\n<div class=\"wp-block-column is-layout-flow wp-block-column-is-layout-flow\">\n<figure class=\"wp-block-image size-large\"><a href=\"https:\/\/groupenuits.com\/wp-admin\/post.php?post=2041&amp;action=edit\"><img loading=\"lazy\" decoding=\"async\" width=\"1024\" height=\"683\" src=\"http:\/\/groupenuits.com\/wp-content\/uploads\/2025\/05\/garanceli-chamailles-juin23-0336-1024x683.jpg\" alt=\"\" class=\"wp-image-1675\" srcset=\"https:\/\/groupenuits.com\/wp-content\/uploads\/2025\/05\/garanceli-chamailles-juin23-0336-1024x683.jpg 1024w, https:\/\/groupenuits.com\/wp-content\/uploads\/2025\/05\/garanceli-chamailles-juin23-0336-300x200.jpg 300w, https:\/\/groupenuits.com\/wp-content\/uploads\/2025\/05\/garanceli-chamailles-juin23-0336-768x512.jpg 768w, https:\/\/groupenuits.com\/wp-content\/uploads\/2025\/05\/garanceli-chamailles-juin23-0336-930x620.jpg 930w, https:\/\/groupenuits.com\/wp-content\/uploads\/2025\/05\/garanceli-chamailles-juin23-0336.jpg 1080w\" sizes=\"(max-width: 1024px) 100vw, 1024px\" \/><\/a><\/figure>\n\n\n\n<p><strong><em>FRAGILE &amp; ENSEMBLE<\/em><\/strong> <br>&#8211; Hors les murs avec le Th\u00e9\u00e2tre le Ciel \u00e0 Billom (63)<br>&#8211; R\u00e9sidence sur la commune de Ch\u00e2tillon-sur-Chalaronne (01)<\/p>\n<\/div>\n<\/div>\n\n\n\n<div class=\"wp-block-columns is-layout-flex wp-container-core-columns-is-layout-2 wp-block-columns-is-layout-flex\">\n<div class=\"wp-block-column is-layout-flow wp-block-column-is-layout-flow\">\n<figure class=\"wp-block-image size-large\"><a href=\"https:\/\/www.les-subs.com\/evenement\/ca-tient-a-rien-groupe-nuit\/\"><img loading=\"lazy\" decoding=\"async\" width=\"1024\" height=\"683\" src=\"http:\/\/groupenuits.com\/wp-content\/uploads\/2025\/05\/DSC_0673-1024x683.jpg\" alt=\"\" class=\"wp-image-1762\" srcset=\"https:\/\/groupenuits.com\/wp-content\/uploads\/2025\/05\/DSC_0673-1024x683.jpg 1024w, https:\/\/groupenuits.com\/wp-content\/uploads\/2025\/05\/DSC_0673-300x200.jpg 300w, https:\/\/groupenuits.com\/wp-content\/uploads\/2025\/05\/DSC_0673-768x512.jpg 768w, https:\/\/groupenuits.com\/wp-content\/uploads\/2025\/05\/DSC_0673-1536x1024.jpg 1536w, https:\/\/groupenuits.com\/wp-content\/uploads\/2025\/05\/DSC_0673-2048x1365.jpg 2048w, https:\/\/groupenuits.com\/wp-content\/uploads\/2025\/05\/DSC_0673-930x620.jpg 930w\" sizes=\"(max-width: 1024px) 100vw, 1024px\" \/><\/a><\/figure>\n\n\n\n<p><strong><em>CRESCENDO<br><\/em><\/strong>performances aux SUBS<\/p>\n<\/div>\n\n\n\n<div class=\"wp-block-column is-layout-flow wp-block-column-is-layout-flow\"><\/div>\n\n\n\n<div class=\"wp-block-column is-layout-flow wp-block-column-is-layout-flow\"><\/div>\n<\/div>\n","protected":false},"excerpt":{"rendered":"<p>J&rsquo;IRAI DANSER CHEZ VOUS !Dispositif d&rsquo;artistes \u00e0 domicile \u00e0 l&rsquo;\u00e9chelle d&rsquo;un \u00e9tablissement, d&rsquo;un quartier, d&rsquo;une ville&#8230;. QUI EST SAM ? Convention Territoriale d&rsquo;Education Artistique et Culturelle en Bresse co-port\u00e9e avec la Cie Institout FRAGILE &amp; ENSEMBLE &#8211; Hors les murs avec le Th\u00e9\u00e2tre le Ciel \u00e0 Billom (63)&#8211; R\u00e9sidence sur la commune de Ch\u00e2tillon-sur-Chalaronne (01)&hellip;&nbsp;<a href=\"https:\/\/groupenuits.com\/index.php\/hors-cadre\/\" rel=\"bookmark\">Lire la suite &raquo;<span class=\"screen-reader-text\">hors cadre<\/span><\/a><\/p>\n","protected":false},"author":1,"featured_media":0,"parent":0,"menu_order":0,"comment_status":"closed","ping_status":"closed","template":"page-templates\/template-pagebuilder-full-width.php","meta":{"neve_meta_sidebar":"","neve_meta_container":"contained","neve_meta_enable_content_width":"on","neve_meta_content_width":64,"neve_meta_title_alignment":"","neve_meta_author_avatar":"","neve_post_elements_order":"","neve_meta_disable_header":"","neve_meta_disable_footer":"","neve_meta_disable_title":"on","footnotes":""},"_links":{"self":[{"href":"https:\/\/groupenuits.com\/index.php\/wp-json\/wp\/v2\/pages\/1655"}],"collection":[{"href":"https:\/\/groupenuits.com\/index.php\/wp-json\/wp\/v2\/pages"}],"about":[{"href":"https:\/\/groupenuits.com\/index.php\/wp-json\/wp\/v2\/types\/page"}],"author":[{"embeddable":true,"href":"https:\/\/groupenuits.com\/index.php\/wp-json\/wp\/v2\/users\/1"}],"replies":[{"embeddable":true,"href":"https:\/\/groupenuits.com\/index.php\/wp-json\/wp\/v2\/comments?post=1655"}],"version-history":[{"count":25,"href":"https:\/\/groupenuits.com\/index.php\/wp-json\/wp\/v2\/pages\/1655\/revisions"}],"predecessor-version":[{"id":2054,"href":"https:\/\/groupenuits.com\/index.php\/wp-json\/wp\/v2\/pages\/1655\/revisions\/2054"}],"wp:attachment":[{"href":"https:\/\/groupenuits.com\/index.php\/wp-json\/wp\/v2\/media?parent=1655"}],"curies":[{"name":"wp","href":"https:\/\/api.w.org\/{rel}","templated":true}]}}