{"id":1868,"date":"2025-05-22T11:52:10","date_gmt":"2025-05-22T09:52:10","guid":{"rendered":"https:\/\/groupenuits.com\/?page_id=1868"},"modified":"2025-05-22T11:53:42","modified_gmt":"2025-05-22T09:53:42","slug":"sandrine-roldan-3","status":"publish","type":"page","link":"https:\/\/groupenuits.com\/index.php\/sandrine-roldan-3\/","title":{"rendered":"sandrine roldan"},"content":{"rendered":"\n<div class=\"wp-block-columns is-layout-flex wp-container-core-columns-is-layout-1 wp-block-columns-is-layout-flex\">\n<div class=\"wp-block-column is-vertically-aligned-top is-layout-flow wp-block-column-is-layout-flow\" style=\"flex-basis:33.33%\">\n<figure class=\"wp-block-image size-large is-resized\"><img loading=\"lazy\" decoding=\"async\" width=\"1024\" height=\"683\" src=\"http:\/\/groupenuits.com\/wp-content\/uploads\/2025\/05\/K19A8956-edited-1024x683.jpg\" alt=\"\" class=\"wp-image-1699\" style=\"width:358px;height:auto\" srcset=\"https:\/\/groupenuits.com\/wp-content\/uploads\/2025\/05\/K19A8956-edited-1024x683.jpg 1024w, https:\/\/groupenuits.com\/wp-content\/uploads\/2025\/05\/K19A8956-edited-300x200.jpg 300w, https:\/\/groupenuits.com\/wp-content\/uploads\/2025\/05\/K19A8956-edited-768x512.jpg 768w, https:\/\/groupenuits.com\/wp-content\/uploads\/2025\/05\/K19A8956-edited-1536x1024.jpg 1536w, https:\/\/groupenuits.com\/wp-content\/uploads\/2025\/05\/K19A8956-edited-2048x1366.jpg 2048w, https:\/\/groupenuits.com\/wp-content\/uploads\/2025\/05\/K19A8956-edited-930x620.jpg 930w\" sizes=\"(max-width: 1024px) 100vw, 1024px\" \/><\/figure>\n<\/div>\n\n\n\n<div class=\"wp-block-column is-layout-flow wp-block-column-is-layout-flow\" style=\"flex-basis:66.66%\">\n<p><strong>Sandrine Roldan, interpr\u00e8te (danse)<\/strong><\/p>\n\n\n\n<p>Elle est d\u2019abord gymnaste, puis se forme en danse contemporaine au conservatoire r\u00e9gional de Lyon. Apr\u00e8s l\u2019obtention d\u2019un master 1 en psychologie, elle poursuit sa formation de danseuse au Centre de Formation Danse d\u00e9sobliqe (CFDd) \u00e0 Lyon et int\u00e8gre en tant qu\u2019interpr\u00e8te la compagnie qui l\u2019a form\u00e9e.<br>Elle d\u00e9veloppe ensuite sa recherche de la danse dans la th\u00e9\u00e2tralit\u00e9, se forme en clown et en th\u00e9\u00e2tre, ainsi qu\u2019aux arts du cirque, respectivement aupr\u00e8s de Maguy Marin, Eric Blouet, Cedric Paga, Guillaume Baillart, David Zambrano, Jordi Gali, Jean Antoine Bigot, Bettina Khol. Enrichies de nombreuses exp\u00e9riences en compagnies de th\u00e9\u00e2tre, danse et cirque, elle poursuit son parcours de danseuse pluridisciplinaire et d\u2019interpr\u00e8te avec notamment les compagnies Lily Kamikaz, la Fabrique Fastidieuse et rejoint groupe nuits dans ses projets de cr\u00e9ation et de m\u00e9diation.<\/p>\n<\/div>\n<\/div>\n","protected":false},"excerpt":{"rendered":"<p>Sandrine Roldan, interpr\u00e8te (danse) Elle est d\u2019abord gymnaste, puis se forme en danse contemporaine au conservatoire r\u00e9gional de Lyon. Apr\u00e8s l\u2019obtention d\u2019un master 1 en psychologie, elle poursuit sa formation de danseuse au Centre de Formation Danse d\u00e9sobliqe (CFDd) \u00e0 Lyon et int\u00e8gre en tant qu\u2019interpr\u00e8te la compagnie qui l\u2019a form\u00e9e.Elle d\u00e9veloppe ensuite sa recherche&hellip;&nbsp;<a href=\"https:\/\/groupenuits.com\/index.php\/sandrine-roldan-3\/\" rel=\"bookmark\">Lire la suite &raquo;<span class=\"screen-reader-text\">sandrine roldan<\/span><\/a><\/p>\n","protected":false},"author":1,"featured_media":0,"parent":0,"menu_order":0,"comment_status":"closed","ping_status":"closed","template":"","meta":{"neve_meta_sidebar":"","neve_meta_container":"","neve_meta_enable_content_width":"","neve_meta_content_width":0,"neve_meta_title_alignment":"","neve_meta_author_avatar":"","neve_post_elements_order":"","neve_meta_disable_header":"","neve_meta_disable_footer":"","neve_meta_disable_title":"on","footnotes":""},"_links":{"self":[{"href":"https:\/\/groupenuits.com\/index.php\/wp-json\/wp\/v2\/pages\/1868"}],"collection":[{"href":"https:\/\/groupenuits.com\/index.php\/wp-json\/wp\/v2\/pages"}],"about":[{"href":"https:\/\/groupenuits.com\/index.php\/wp-json\/wp\/v2\/types\/page"}],"author":[{"embeddable":true,"href":"https:\/\/groupenuits.com\/index.php\/wp-json\/wp\/v2\/users\/1"}],"replies":[{"embeddable":true,"href":"https:\/\/groupenuits.com\/index.php\/wp-json\/wp\/v2\/comments?post=1868"}],"version-history":[{"count":2,"href":"https:\/\/groupenuits.com\/index.php\/wp-json\/wp\/v2\/pages\/1868\/revisions"}],"predecessor-version":[{"id":1871,"href":"https:\/\/groupenuits.com\/index.php\/wp-json\/wp\/v2\/pages\/1868\/revisions\/1871"}],"wp:attachment":[{"href":"https:\/\/groupenuits.com\/index.php\/wp-json\/wp\/v2\/media?parent=1868"}],"curies":[{"name":"wp","href":"https:\/\/api.w.org\/{rel}","templated":true}]}}