{"id":1875,"date":"2025-05-22T12:00:01","date_gmt":"2025-05-22T10:00:01","guid":{"rendered":"https:\/\/groupenuits.com\/?page_id=1875"},"modified":"2025-05-22T12:00:02","modified_gmt":"2025-05-22T10:00:02","slug":"anthea","status":"publish","type":"page","link":"https:\/\/groupenuits.com\/index.php\/anthea\/","title":{"rendered":"Anth\u00e9a"},"content":{"rendered":"\n<div class=\"wp-block-columns is-layout-flex wp-container-core-columns-is-layout-1 wp-block-columns-is-layout-flex\">\n<div class=\"wp-block-column is-layout-flow wp-block-column-is-layout-flow\" style=\"flex-basis:33.33%\">\n<figure class=\"wp-block-image size-full\"><img loading=\"lazy\" decoding=\"async\" width=\"800\" height=\"534\" src=\"http:\/\/groupenuits.com\/wp-content\/uploads\/2025\/05\/garanceli-friche-0450-edited.jpg\" alt=\"\" class=\"wp-image-1695\" srcset=\"https:\/\/groupenuits.com\/wp-content\/uploads\/2025\/05\/garanceli-friche-0450-edited.jpg 800w, https:\/\/groupenuits.com\/wp-content\/uploads\/2025\/05\/garanceli-friche-0450-edited-300x200.jpg 300w, https:\/\/groupenuits.com\/wp-content\/uploads\/2025\/05\/garanceli-friche-0450-edited-768x513.jpg 768w\" sizes=\"(max-width: 800px) 100vw, 800px\" \/><\/figure>\n<\/div>\n\n\n\n<div class=\"wp-block-column is-layout-flow wp-block-column-is-layout-flow\" style=\"flex-basis:66.66%\">\n<p><strong>Anth\u00e9a Mitouart, interpr\u00e8te (danse)<\/strong><\/p>\n\n\n\n<p>Interpr\u00e8te de formation classique et contemporaine, iel s\u2019est confront\u00e9\u00b7e depuis quelques ann\u00e9es aux artistes contemporains. Anciennement au Jeune Ballet D\u00e9soblique, iel a travaill\u00e9 aux c\u00f4t\u00e9s de nombreux\u00b7euses chor\u00e9graphes aux univers artistiques vari\u00e9s (Justine Berthillot, Thi Mai Nguyen, Collectif Es, cie TELA+&#8230;). Cette ann\u00e9e, iel s\u2019int\u00e9resse tout particuli\u00e8rement aux pratiques acrobatiques comme le floorwork, le cirque, l\u2019acro-danse&#8230; \u201cJe cherche aujourd\u2019hui en tant qu\u2019interpr\u00e8te \u00e0 m\u2019affirmer dans une danse acrobatique, po\u00e9tique et engag\u00e9e. Je cherche \u00e0 mettre ma technique plurielle au service de mon interpr\u00e9tation et donner \u00e0 voir au spectateur ma force ainsi que toute ma vuln\u00e9rabilit\u00e9.\u201d En parall\u00e8le de son travail d\u2019interpr\u00e8te, iel est chor\u00e9graphe de la compagnie EntrActe. Ce r\u00f4le de cr\u00e9ateur lui tient tr\u00e8s \u00e0 c\u0153ur, avec depuis 2017 la cr\u00e9ation de plusieurs solo \u00e0 son actif. En 2023, iel est invit\u00e9.e \u00e0 participer au programme Laboratorium, soutenu par le Laboratoire chor\u00e9graphique. Artiste en tout genre, iel est actuellement en cours de cr\u00e9ation d\u2019une exposition dessin et sculpture dans un univers v\u00e9g\u00e9tal surr\u00e9aliste.<\/p>\n<\/div>\n<\/div>\n","protected":false},"excerpt":{"rendered":"<p>Anth\u00e9a Mitouart, interpr\u00e8te (danse) Interpr\u00e8te de formation classique et contemporaine, iel s\u2019est confront\u00e9\u00b7e depuis quelques ann\u00e9es aux artistes contemporains. Anciennement au Jeune Ballet D\u00e9soblique, iel a travaill\u00e9 aux c\u00f4t\u00e9s de nombreux\u00b7euses chor\u00e9graphes aux univers artistiques vari\u00e9s (Justine Berthillot, Thi Mai Nguyen, Collectif Es, cie TELA+&#8230;). Cette ann\u00e9e, iel s\u2019int\u00e9resse tout particuli\u00e8rement aux pratiques acrobatiques comme&hellip;&nbsp;<a href=\"https:\/\/groupenuits.com\/index.php\/anthea\/\" rel=\"bookmark\">Lire la suite &raquo;<span class=\"screen-reader-text\">Anth\u00e9a<\/span><\/a><\/p>\n","protected":false},"author":1,"featured_media":0,"parent":0,"menu_order":0,"comment_status":"closed","ping_status":"closed","template":"","meta":{"neve_meta_sidebar":"","neve_meta_container":"","neve_meta_enable_content_width":"","neve_meta_content_width":0,"neve_meta_title_alignment":"","neve_meta_author_avatar":"","neve_post_elements_order":"","neve_meta_disable_header":"","neve_meta_disable_footer":"","neve_meta_disable_title":"on","footnotes":""},"_links":{"self":[{"href":"https:\/\/groupenuits.com\/index.php\/wp-json\/wp\/v2\/pages\/1875"}],"collection":[{"href":"https:\/\/groupenuits.com\/index.php\/wp-json\/wp\/v2\/pages"}],"about":[{"href":"https:\/\/groupenuits.com\/index.php\/wp-json\/wp\/v2\/types\/page"}],"author":[{"embeddable":true,"href":"https:\/\/groupenuits.com\/index.php\/wp-json\/wp\/v2\/users\/1"}],"replies":[{"embeddable":true,"href":"https:\/\/groupenuits.com\/index.php\/wp-json\/wp\/v2\/comments?post=1875"}],"version-history":[{"count":1,"href":"https:\/\/groupenuits.com\/index.php\/wp-json\/wp\/v2\/pages\/1875\/revisions"}],"predecessor-version":[{"id":1876,"href":"https:\/\/groupenuits.com\/index.php\/wp-json\/wp\/v2\/pages\/1875\/revisions\/1876"}],"wp:attachment":[{"href":"https:\/\/groupenuits.com\/index.php\/wp-json\/wp\/v2\/media?parent=1875"}],"curies":[{"name":"wp","href":"https:\/\/api.w.org\/{rel}","templated":true}]}}