{"id":1894,"date":"2025-05-22T12:34:04","date_gmt":"2025-05-22T10:34:04","guid":{"rendered":"https:\/\/groupenuits.com\/?page_id=1894"},"modified":"2025-05-23T14:41:18","modified_gmt":"2025-05-23T12:41:18","slug":"stp","status":"publish","type":"page","link":"https:\/\/groupenuits.com\/index.php\/stp\/","title":{"rendered":"stp"},"content":{"rendered":"\n<div class=\"wp-block-columns is-layout-flex wp-container-core-columns-is-layout-1 wp-block-columns-is-layout-flex\">\n<div class=\"wp-block-column is-layout-flow wp-block-column-is-layout-flow\" style=\"flex-basis:33.33%\">\n<figure class=\"wp-block-image size-full\"><img loading=\"lazy\" decoding=\"async\" width=\"978\" height=\"848\" src=\"https:\/\/groupenuits.com\/wp-content\/uploads\/2025\/05\/WhatsApp-Image-2025-01-22-at-17.20.04-1.jpeg\" alt=\"\" class=\"wp-image-1896\" srcset=\"https:\/\/groupenuits.com\/wp-content\/uploads\/2025\/05\/WhatsApp-Image-2025-01-22-at-17.20.04-1.jpeg 978w, https:\/\/groupenuits.com\/wp-content\/uploads\/2025\/05\/WhatsApp-Image-2025-01-22-at-17.20.04-1-300x260.jpeg 300w, https:\/\/groupenuits.com\/wp-content\/uploads\/2025\/05\/WhatsApp-Image-2025-01-22-at-17.20.04-1-768x666.jpeg 768w\" sizes=\"(max-width: 978px) 100vw, 978px\" \/><\/figure>\n<\/div>\n\n\n\n<div class=\"wp-block-column is-layout-flow wp-block-column-is-layout-flow\" style=\"flex-basis:66.66%\">\n<p><strong>Bureau d\u2019accompagnement STP<\/strong> <br><strong>Sarah Corroyer, charg\u00e9e de production &amp; Aziliz Edy, charg\u00e9e d\u2019administration<\/strong><\/p>\n\n\n\n<p>STP est n\u00e9 en 2019 sous l\u2019impulsion de sept technicien.nes issu.es de l\u2019ENSATT.<br>Le postulat de d\u00e9part \u00e9tait : comment<br>cr\u00e9er \u00e0 partir de la technique au th\u00e9\u00e2tre? Aujourd\u2019hui le projet a grandi et s\u2019est structur\u00e9 autour de la volont\u00e9 d\u2019\u00eatre une bo\u00eete \u00e0 outils pour la cr\u00e9ation dans le spectacle vivant en Auvergne-Rh\u00f4ne- Alpes. Nous travaillons ainsi autour de trois activit\u00e9s : l\u2019accompagnement, le territoire et la transmission. Au sein d\u2019STP, nous avons d\u00e9velopp\u00e9 un bureau d\u2019accompagnement dans lequel nous travaillons avec des compagnies \u00e9mergentes, principalement en danse et en cirque sur des missions d\u2019administration, production et diffusion. Par cet outil, nous souhaitons valoriser et permettre la mutualisation de r\u00e9seaux, de comp\u00e9tences et de moyens sur un m\u00eame territoire. Nous accueillons \u00e9galement toujours en interne une production d\u00e9l\u00e9gu\u00e9e d\u2019un.e artiste sur un projet de cr\u00e9ation, qui n\u2019a pas encore de compagnie mais a vocation \u00e0 d\u00e9velopper sa propre structure. Nous nous positionnons ici en rempart \u00e0 la solitude de l\u2019artiste et en soutien \u00e0 une structuration durable.<\/p>\n<\/div>\n<\/div>\n","protected":false},"excerpt":{"rendered":"<p>Bureau d\u2019accompagnement STP Sarah Corroyer, charg\u00e9e de production &amp; Aziliz Edy, charg\u00e9e d\u2019administration STP est n\u00e9 en 2019 sous l\u2019impulsion de sept technicien.nes issu.es de l\u2019ENSATT.Le postulat de d\u00e9part \u00e9tait : commentcr\u00e9er \u00e0 partir de la technique au th\u00e9\u00e2tre? Aujourd\u2019hui le projet a grandi et s\u2019est structur\u00e9 autour de la volont\u00e9 d\u2019\u00eatre une bo\u00eete \u00e0&hellip;&nbsp;<a href=\"https:\/\/groupenuits.com\/index.php\/stp\/\" rel=\"bookmark\">Lire la suite &raquo;<span class=\"screen-reader-text\">stp<\/span><\/a><\/p>\n","protected":false},"author":1,"featured_media":0,"parent":0,"menu_order":0,"comment_status":"closed","ping_status":"closed","template":"","meta":{"neve_meta_sidebar":"","neve_meta_container":"","neve_meta_enable_content_width":"","neve_meta_content_width":0,"neve_meta_title_alignment":"","neve_meta_author_avatar":"","neve_post_elements_order":"","neve_meta_disable_header":"","neve_meta_disable_footer":"","neve_meta_disable_title":"on","footnotes":""},"_links":{"self":[{"href":"https:\/\/groupenuits.com\/index.php\/wp-json\/wp\/v2\/pages\/1894"}],"collection":[{"href":"https:\/\/groupenuits.com\/index.php\/wp-json\/wp\/v2\/pages"}],"about":[{"href":"https:\/\/groupenuits.com\/index.php\/wp-json\/wp\/v2\/types\/page"}],"author":[{"embeddable":true,"href":"https:\/\/groupenuits.com\/index.php\/wp-json\/wp\/v2\/users\/1"}],"replies":[{"embeddable":true,"href":"https:\/\/groupenuits.com\/index.php\/wp-json\/wp\/v2\/comments?post=1894"}],"version-history":[{"count":3,"href":"https:\/\/groupenuits.com\/index.php\/wp-json\/wp\/v2\/pages\/1894\/revisions"}],"predecessor-version":[{"id":1931,"href":"https:\/\/groupenuits.com\/index.php\/wp-json\/wp\/v2\/pages\/1894\/revisions\/1931"}],"wp:attachment":[{"href":"https:\/\/groupenuits.com\/index.php\/wp-json\/wp\/v2\/media?parent=1894"}],"curies":[{"name":"wp","href":"https:\/\/api.w.org\/{rel}","templated":true}]}}