{"id":1908,"date":"2025-05-22T14:36:30","date_gmt":"2025-05-22T12:36:30","guid":{"rendered":"https:\/\/groupenuits.com\/?page_id=1908"},"modified":"2025-05-23T14:42:29","modified_gmt":"2025-05-23T12:42:29","slug":"pierre","status":"publish","type":"page","link":"https:\/\/groupenuits.com\/index.php\/pierre\/","title":{"rendered":"pierre"},"content":{"rendered":"\n<div class=\"wp-block-columns is-layout-flex wp-container-core-columns-is-layout-1 wp-block-columns-is-layout-flex\">\n<div class=\"wp-block-column is-layout-flow wp-block-column-is-layout-flow\" style=\"flex-basis:33.33%\">\n<figure class=\"wp-block-image size-large\"><img loading=\"lazy\" decoding=\"async\" width=\"791\" height=\"1024\" src=\"http:\/\/groupenuits.com\/wp-content\/uploads\/2025\/05\/Pierre-Tallaron-791x1024.jpg\" alt=\"\" class=\"wp-image-1705\" srcset=\"https:\/\/groupenuits.com\/wp-content\/uploads\/2025\/05\/Pierre-Tallaron-791x1024.jpg 791w, https:\/\/groupenuits.com\/wp-content\/uploads\/2025\/05\/Pierre-Tallaron-232x300.jpg 232w, https:\/\/groupenuits.com\/wp-content\/uploads\/2025\/05\/Pierre-Tallaron-768x994.jpg 768w, https:\/\/groupenuits.com\/wp-content\/uploads\/2025\/05\/Pierre-Tallaron-1186x1536.jpg 1186w, https:\/\/groupenuits.com\/wp-content\/uploads\/2025\/05\/Pierre-Tallaron-1582x2048.jpg 1582w, https:\/\/groupenuits.com\/wp-content\/uploads\/2025\/05\/Pierre-Tallaron.jpg 1666w\" sizes=\"(max-width: 791px) 100vw, 791px\" \/><\/figure>\n<\/div>\n\n\n\n<div class=\"wp-block-column is-layout-flow wp-block-column-is-layout-flow\" style=\"flex-basis:66.66%\">\n<p><strong>Pierre Tallaron, regard ext\u00e9rieur dramaturgique<\/strong><\/p>\n\n\n\n<p>Suite \u00e0 un baccalaur\u00e9at Lettres&amp;Th\u00e9\u00e2tre et \u00e0 des \u00e9tudes de philosophie , il int\u00e8gre le compagnonnage des arts et m\u00e9tiers du th\u00e9\u00e2tre, mis en place par le Nouveau Th\u00e9\u00e2tre du 8\u00b0 \u00e0 Lyon au d\u00e9but des ann\u00e9es 2000. il travaille depuis et affine sa d\u00e9marche artistique au fil de diverses rencontres en France et en Europe avec des compagnie de th\u00e9\u00e2tre, de danse et de cirque.<\/p>\n\n\n\n<p>Nourri par un souhait d\u2019\u00e9changes entre les disciplines, les styles et les genres, l\u2019espace po\u00e9tique est avant tout pour lui un espace de libert\u00e9 et de pr\u00e9cision, au service d\u2019une parole collective (celle des imaginaires des artistes et des spectateurs r\u00e9unis). Pour approcher de cette qualit\u00e9 de relation, il cherche \u00e0 ce que la physicalit\u00e9 et la sensitivit\u00e9 soient les premi\u00e8res sources d\u2019inspirations, d\u2019explorations et d\u2019interpr\u00e9tations: \u00abJe sens donc je suis\u00bb.<\/p>\n\n\n\n<p>La pratique du Systema -art martial et \u00e9nerg\u00e9tique d\u2019origine russe- depuis 2014 l\u2019a propuls\u00e9 dans une nouvelle \u00e9coute de ce que signifie \u00eatre acteur en questionnant nos capacit\u00e9s d\u2019adaptabilit\u00e9 et de robustesse, la souplesse du corps et du mental .<\/p>\n\n\n\n<p>En 2022 il cr\u00e9e Les Outils Sauvages et se forme \u00e0 l\u2019\u00e9coth\u00e9rapie gr\u00e2ce \u00e0 laquelle il offre cette possibilit\u00e9 d\u2019accompagnement par les arts, les pratiques \u00e9nerg\u00e9tiques, et la sensibilit\u00e9 aux \u00e9cosyst\u00e8mes vivant. Depuis 2016 ses choix artistiques s\u2019orientent vers des projets et des cr\u00e9ations en liens \u00e9troits avec les dynamiques des luttes et du vivant.<\/p>\n<\/div>\n<\/div>\n","protected":false},"excerpt":{"rendered":"<p>Pierre Tallaron, regard ext\u00e9rieur dramaturgique Suite \u00e0 un baccalaur\u00e9at Lettres&amp;Th\u00e9\u00e2tre et \u00e0 des \u00e9tudes de philosophie , il int\u00e8gre le compagnonnage des arts et m\u00e9tiers du th\u00e9\u00e2tre, mis en place par le Nouveau Th\u00e9\u00e2tre du 8\u00b0 \u00e0 Lyon au d\u00e9but des ann\u00e9es 2000. il travaille depuis et affine sa d\u00e9marche artistique au fil de diverses&hellip;&nbsp;<a href=\"https:\/\/groupenuits.com\/index.php\/pierre\/\" rel=\"bookmark\">Lire la suite &raquo;<span class=\"screen-reader-text\">pierre<\/span><\/a><\/p>\n","protected":false},"author":1,"featured_media":0,"parent":0,"menu_order":0,"comment_status":"closed","ping_status":"closed","template":"","meta":{"neve_meta_sidebar":"","neve_meta_container":"","neve_meta_enable_content_width":"","neve_meta_content_width":0,"neve_meta_title_alignment":"","neve_meta_author_avatar":"","neve_post_elements_order":"","neve_meta_disable_header":"","neve_meta_disable_footer":"","neve_meta_disable_title":"on","footnotes":""},"_links":{"self":[{"href":"https:\/\/groupenuits.com\/index.php\/wp-json\/wp\/v2\/pages\/1908"}],"collection":[{"href":"https:\/\/groupenuits.com\/index.php\/wp-json\/wp\/v2\/pages"}],"about":[{"href":"https:\/\/groupenuits.com\/index.php\/wp-json\/wp\/v2\/types\/page"}],"author":[{"embeddable":true,"href":"https:\/\/groupenuits.com\/index.php\/wp-json\/wp\/v2\/users\/1"}],"replies":[{"embeddable":true,"href":"https:\/\/groupenuits.com\/index.php\/wp-json\/wp\/v2\/comments?post=1908"}],"version-history":[{"count":2,"href":"https:\/\/groupenuits.com\/index.php\/wp-json\/wp\/v2\/pages\/1908\/revisions"}],"predecessor-version":[{"id":1932,"href":"https:\/\/groupenuits.com\/index.php\/wp-json\/wp\/v2\/pages\/1908\/revisions\/1932"}],"wp:attachment":[{"href":"https:\/\/groupenuits.com\/index.php\/wp-json\/wp\/v2\/media?parent=1908"}],"curies":[{"name":"wp","href":"https:\/\/api.w.org\/{rel}","templated":true}]}}