{"id":72,"date":"2017-12-28T16:11:11","date_gmt":"2017-12-28T15:11:11","guid":{"rendered":"http:\/\/groupenuits.com\/?page_id=72"},"modified":"2020-03-06T17:29:27","modified_gmt":"2020-03-06T16:29:27","slug":"emmeler","status":"publish","type":"page","link":"https:\/\/groupenuits.com\/index.php\/emmeler\/","title":{"rendered":"EMM\u00caLER"},"content":{"rendered":"<p class=\"p1\"><em><strong>Cr\u00e9ation 2018<\/strong><\/em><\/p>\n<p class=\"p1\">Une pi\u00e8ce o\u00f9 les corps se fondent, fusionnent sans pouvoir distinguer les un.e.s des autres et que puissent appara\u00eetre de ces masses en mouvement non-genr\u00e9es, des individualit\u00e9s intimes et multiples. L\u2019abondance de v\u00eatements, de possibles apparences viennent appuyer et interroger ces fronti\u00e8res poreuses entre \u00eatre et para\u00eetre.<\/p>\n<p class=\"p1\">Faire l\u2019exp\u00e9rience d\u2019une connexion m\u00e9taphorique du masculin et du f\u00e9minin, en soi, aux travers de rencontres, de jeux, de luttes&#8230; Pour aller au-del\u00e0 de la question du genre. Une recherche de sinc\u00e9rit\u00e9, une sollicitation du genre humain d\u00e9barrass\u00e9 des troubles historiques, sociologiques et culturels.<\/p>\n<div class=\"nv-iframe-embed\"><iframe loading=\"lazy\" title=\"EMMELER\" width=\"1200\" height=\"675\" src=\"https:\/\/www.youtube.com\/embed\/-qmGPgpq26U?start=5&#038;feature=oembed\" frameborder=\"0\" allow=\"accelerometer; autoplay; clipboard-write; encrypted-media; gyroscope; picture-in-picture\" allowfullscreen><\/iframe><\/div>\n<p><span style=\"font-size: 10pt;\"><strong>dur\u00e9e<\/strong> : 1h<\/span><br \/>\n<span style=\"font-size: 10pt;\">cr\u00e9ation danse &amp; musique\u00a0 tout public \u00e0 partir de 11 ans\u00a0 scolaires coll\u00e8ges, lyc\u00e9es envisageables<\/span><\/p>\n<p>&nbsp;<\/p>\n<p><span style=\"font-size: 10pt;\"><strong>Cr\u00e9ation collective<\/strong> 2018<\/span><br \/>\n<span style=\"font-size: 10pt;\">impuls\u00e9e et guid\u00e9e par Astrid Mayer<\/span><br \/>\n<span style=\"font-size: 10pt;\"><strong>De et avec<\/strong> Astrid Mayer, danse<\/span><br \/>\n<span style=\"font-size: 10pt;\">Rapha\u00ebl Billet, acrobatie<\/span><br \/>\n<span style=\"font-size: 10pt;\">Romain Joubert, musique<\/span><br \/>\n<span style=\"font-size: 10pt;\"><strong>Cr\u00e9ation lumi\u00e8re &amp; r\u00e9gie g\u00e9n\u00e9rale<\/strong> Fabien Roux en alternance avec Aliz\u00e9 Barnoud<\/span><br \/>\n<span style=\"font-size: 10pt;\"><strong>Regards ext\u00e9rieurs th\u00e9\u00e2tral et dramaturgique<\/strong> Gr\u00e9gory Robardet, Guilhem Br\u00e9ard<\/span><br \/>\n<span style=\"font-size: 10pt;\"><strong>Regards ext\u00e9rieurs chor\u00e9graphique<\/strong> Sandrine Roldan, Estelle Olivier<\/span><br \/>\n<span style=\"font-size: 10pt;\"><strong>Regards ext\u00e9rieurs musical<\/strong> Alexandre Girard<\/span><br \/>\n<span style=\"font-size: 10pt;\"><strong>Remerciements<\/strong> Anne-Val\u00e9rie Gouiller, Garance Li<\/span><\/p>\n<p>&nbsp;<\/p>\n<p><span style=\"font-size: 10pt;\"><strong>Production <\/strong>GROUPE NUITS<\/span><br \/>\n<span style=\"font-size: 10pt;\"><strong>Processus de cr\u00e9ation partag\u00e9e<\/strong> avec les jeunes du Coll\u00e8ge Jean Compagnon de Reyrieux.<\/span><br \/>\n<span style=\"font-size: 10pt;\"><strong>Accueils en r\u00e9sidence<\/strong> Le Croiseur &#8211; sc\u00e8ne d\u00e9couverte \u00e0 Lyon, Le Th\u00e9\u00e2tre du Bordeau de Saint- Genis-Pouilly, la SMAC La Tannerie La Truffe et les Oreilles, Le th\u00e9\u00e2tre Astr\u00e9e, Le Galet de Reyrieux, le Coll\u00e8ge Jean Compagnon de Reyrieux.<\/span><br \/>\n<span style=\"font-size: 10pt;\"><strong>Remerciements<\/strong> le Centre National de la Danse en Rh\u00f4ne-Alpes, Studio Lucien &#8211; Compagnie Propos.<\/span><br \/>\n<span style=\"font-size: 10pt;\"><strong>Soutiens financiers<\/strong> DRAC Auvergne Rh\u00f4ne-Alpes &#8211; service \u00e9ducation artistique au titre de la r\u00e9sidence en coll\u00e8ge, Conseil D\u00e9partemental de l\u2019Ain au titre de l\u2019Aide \u00e0 la cr\u00e9ation et de la r\u00e9sidence en coll\u00e8ge, Inspection Acad\u00e9mique au titre de la r\u00e9sidence en coll\u00e8ge, la Ville de Bourg-en- Bresse aide au fonctionnement.<\/span><\/p>\n<p>&nbsp;<\/p>\n","protected":false},"excerpt":{"rendered":"<p>Cr\u00e9ation 2018 Une pi\u00e8ce o\u00f9 les corps se fondent, fusionnent sans pouvoir distinguer les un.e.s des autres et que puissent appara\u00eetre de ces masses en mouvement non-genr\u00e9es, des individualit\u00e9s intimes et multiples. L\u2019abondance de v\u00eatements, de possibles apparences viennent appuyer et interroger ces fronti\u00e8res poreuses entre \u00eatre et para\u00eetre. Faire l\u2019exp\u00e9rience d\u2019une connexion m\u00e9taphorique du&hellip;&nbsp;<a href=\"https:\/\/groupenuits.com\/index.php\/emmeler\/\" rel=\"bookmark\">Lire la suite &raquo;<span class=\"screen-reader-text\">EMM\u00caLER<\/span><\/a><\/p>\n","protected":false},"author":1,"featured_media":0,"parent":0,"menu_order":0,"comment_status":"closed","ping_status":"closed","template":"","meta":{"neve_meta_sidebar":"","neve_meta_container":"","neve_meta_enable_content_width":"","neve_meta_content_width":0,"neve_meta_title_alignment":"","neve_meta_author_avatar":"","neve_post_elements_order":"","neve_meta_disable_header":"","neve_meta_disable_footer":"","neve_meta_disable_title":"","footnotes":""},"_links":{"self":[{"href":"https:\/\/groupenuits.com\/index.php\/wp-json\/wp\/v2\/pages\/72"}],"collection":[{"href":"https:\/\/groupenuits.com\/index.php\/wp-json\/wp\/v2\/pages"}],"about":[{"href":"https:\/\/groupenuits.com\/index.php\/wp-json\/wp\/v2\/types\/page"}],"author":[{"embeddable":true,"href":"https:\/\/groupenuits.com\/index.php\/wp-json\/wp\/v2\/users\/1"}],"replies":[{"embeddable":true,"href":"https:\/\/groupenuits.com\/index.php\/wp-json\/wp\/v2\/comments?post=72"}],"version-history":[{"count":13,"href":"https:\/\/groupenuits.com\/index.php\/wp-json\/wp\/v2\/pages\/72\/revisions"}],"predecessor-version":[{"id":848,"href":"https:\/\/groupenuits.com\/index.php\/wp-json\/wp\/v2\/pages\/72\/revisions\/848"}],"wp:attachment":[{"href":"https:\/\/groupenuits.com\/index.php\/wp-json\/wp\/v2\/media?parent=72"}],"curies":[{"name":"wp","href":"https:\/\/api.w.org\/{rel}","templated":true}]}}