{"id":74,"date":"2017-12-28T16:11:22","date_gmt":"2017-12-28T15:11:22","guid":{"rendered":"http:\/\/groupenuits.com\/?page_id=74"},"modified":"2025-05-22T11:30:31","modified_gmt":"2025-05-22T09:30:31","slug":"brut","status":"publish","type":"page","link":"https:\/\/groupenuits.com\/index.php\/brut\/","title":{"rendered":"BRUT."},"content":{"rendered":"\n<div class=\"wp-block-columns is-layout-flex wp-container-core-columns-is-layout-1 wp-block-columns-is-layout-flex\">\n<div class=\"wp-block-column is-layout-flow wp-block-column-is-layout-flow\">\n<h2 class=\"wp-block-heading has-medium-font-size\" style=\"font-style:normal;font-weight:400\"><strong>BRUT.<\/strong> cr\u00e9ation 2019<\/h2>\n\n\n\n<p>BRUT. c\u2019est,&nbsp;Un acte de construction,&nbsp;\u00c0 plusieurs.&nbsp;Une dynamique de groupe,&nbsp;Une aventure collective.&nbsp;Un projet avec presque rien,&nbsp;du bois,&nbsp;du son, le go\u00fbt du jeu.&nbsp;Des interpr\u00e8tes engag\u00e9s dans l\u2019\u00e9dification d\u2019un monument r\u00e9investissent les espaces de jeu et les transforment \u00e0 leur guise.&nbsp;Une construction qui interroge les liens immat\u00e9riels qui unissent et divisent ces trois \u00eatres. Ou comment rendre concret et physique des tensions impalpables ?&nbsp;Un projet o\u00f9 transpire l\u2019humain, ses peines, ses moments de gr\u00e2ce.&nbsp;Une rencontre o\u00f9 l\u2019on s\u2019accroche, on s\u2019encourage, on laisse tomber, on tient bon. On l\u00e2che et on voit ce qui se passe.&nbsp;\u00c9riger une montagne pour finir par la gravir, s\u2019\u00e9lever pour nous voir autrement.&nbsp;Un moment suspendu o\u00f9 le geste prime.&nbsp;Un th\u00e9\u00e2tre du vivant et de l\u2019humain ins\u00e9r\u00e9 au coeur de la vi(ll)e.&nbsp;<\/p>\n\n\n\n<p style=\"font-size:14px\">cr\u00e9ation 2019<br>danse \/ cirque \/ musique \/ architecture<br>dedans &#8211; dehors &#8211; fixe                                                                                                                                                                                                                          dur\u00e9e totale : 40min &#8211; tout public<br>jauge : 300 personnes<\/p>\n\n\n\n<p><strong><strong>r\u00e9alisation, conception, cr\u00e9ation structure<\/strong><\/strong><br>Astrid Mayer &amp; Rapha\u00ebl Billet<br><strong>interpr\u00e9tation<\/strong><br>Claire Lurin &amp; Rapha\u00ebl Billet, danse &amp; acrobatie\u00a0<br><strong>composition musicale &amp; interpr\u00e9tation<\/strong><br>Romain Joubert en alternance avec Nicolas De Gelis, Sylvain Robine &amp; Felix Joubert<br><strong><strong>construction\u00a0<\/strong><\/strong><br>J\u00e9r\u00e9my Kristian<br><strong>architecture &amp; m\u00e9canismes\u00a0<br><\/strong>Claire Lurin, ing\u00e9nieure<br><strong>regards ext\u00e9rieurs\u00a0<\/strong><br>H\u00e9l\u00e8ne Barreau, Sandrine Roldan et Alain Peyrard<\/p>\n\n\n\n<p style=\"font-size:12px\"><strong>production : groupe nuits&nbsp;co-production&nbsp;<\/strong>Les Nouvelles Subsistances, Laboratoire de cr\u00e9ation artistique international (FR ; Lyon)&nbsp;Le Th\u00e9\u00e2tre de Bourg-en-Bresse, sc\u00e8ne conventionn\u00e9e d\u2019int\u00e9r\u00eat national cr\u00e9ation marionnette et cirque (FR)&nbsp;<strong>accueil en r\u00e9sidence :&nbsp;<\/strong>Les Nouvelles Subsistances, Laboratoire de cr\u00e9ation artistique international (FR ; Lyon)&nbsp;La cascade &#8211; P\u00f4le National des Arts du Cirque (FR ; Bourg-Saint And\u00e9ol)&nbsp;Le CIAM &#8211; Centre International des Arts en Mouvements (FR ; Aix-en-Provence)&nbsp;Latitudes 50 (BE ; Marchin)&nbsp;Station Circus (CH ; Bazel )&nbsp;Coll\u00e8ge Amp\u00e8re (FR ; Oyonnax)&nbsp;Centre Psychoth\u00e9rapique de l\u2019Ain et Culture Nomad (FR ; Bourg-en-Bresse)&nbsp;La MJC de Bourg-en-Bresse (FR)&nbsp;Le Port Nord (FR ; Chalon-sur-Sa\u00f4ne)&nbsp;Le Grand R &#8211; Cie les quidams (FR ; Etrez)&nbsp;<strong>remerciements :&nbsp;<\/strong>Studio Lucien &#8211; Compagnie Propos (FR ; Lyon)&nbsp;Cie Chatha pour le studio CHATHA (FR ; Lyon)&nbsp;Collectif La m\u00e9andre (FR ; Chalon-sur-Sa\u00f4ne)&nbsp;<strong>soutiens financiers :&nbsp;<\/strong>DRAC Auvergne Rh\u00f4ne-Alpes au titre de l\u2019aide \u00e0 la cr\u00e9ation et p\u00f4le actionculturelle et territoriale au titre de la r\u00e9sidence en coll\u00e8ge, la R\u00e9gion Auvergne Rh\u00f4ne-Alpes, Conseil D\u00e9partemental de l\u2019Ain au titre de l\u2019Aide \u00e0 la cr\u00e9ation et de la r\u00e9sidence en coll\u00e8ge, Inspection Acad\u00e9mique au titre de la r\u00e9sidence en coll\u00e8ge, la Ville de Bourg-en-Bresse au titre de l\u2019aide au fonctionnement.&nbsp;<\/p>\n<\/div>\n\n\n\n<div class=\"wp-block-column is-layout-flow wp-block-column-is-layout-flow\">\n<figure class=\"wp-block-embed is-type-video is-provider-youtube wp-block-embed-youtube wp-embed-aspect-16-9 wp-has-aspect-ratio\"><div class=\"wp-block-embed__wrapper\">\n<div class=\"nv-iframe-embed\"><iframe loading=\"lazy\" title=\"Groupe nuits \/ Rapha\u00ebl Billet &amp; Astrid Mayer - BRUT. aux Subsistances (2019)\" width=\"1200\" height=\"675\" src=\"https:\/\/www.youtube.com\/embed\/Hc6Di9-RIoc?start=53&#038;feature=oembed\" frameborder=\"0\" allow=\"accelerometer; autoplay; clipboard-write; encrypted-media; gyroscope; picture-in-picture\" allowfullscreen><\/iframe><\/div>\n<\/div><\/figure>\n\n\n\n<figure class=\"wp-block-image size-large\"><img loading=\"lazy\" decoding=\"async\" width=\"1024\" height=\"683\" src=\"http:\/\/groupenuits.com\/wp-content\/uploads\/2022\/07\/au-farse-2021-brut-et-sa-performance-monumentale-dans-le-parc-de-l-orangerie-photo-dna-cedric-joubert-1627757484-1-1024x683.jpg\" alt=\"\" class=\"wp-image-1273\" srcset=\"https:\/\/groupenuits.com\/wp-content\/uploads\/2022\/07\/au-farse-2021-brut-et-sa-performance-monumentale-dans-le-parc-de-l-orangerie-photo-dna-cedric-joubert-1627757484-1-1024x683.jpg 1024w, https:\/\/groupenuits.com\/wp-content\/uploads\/2022\/07\/au-farse-2021-brut-et-sa-performance-monumentale-dans-le-parc-de-l-orangerie-photo-dna-cedric-joubert-1627757484-1-300x200.jpg 300w, https:\/\/groupenuits.com\/wp-content\/uploads\/2022\/07\/au-farse-2021-brut-et-sa-performance-monumentale-dans-le-parc-de-l-orangerie-photo-dna-cedric-joubert-1627757484-1-768x512.jpg 768w, https:\/\/groupenuits.com\/wp-content\/uploads\/2022\/07\/au-farse-2021-brut-et-sa-performance-monumentale-dans-le-parc-de-l-orangerie-photo-dna-cedric-joubert-1627757484-1-1536x1024.jpg 1536w, https:\/\/groupenuits.com\/wp-content\/uploads\/2022\/07\/au-farse-2021-brut-et-sa-performance-monumentale-dans-le-parc-de-l-orangerie-photo-dna-cedric-joubert-1627757484-1-930x620.jpg 930w, https:\/\/groupenuits.com\/wp-content\/uploads\/2022\/07\/au-farse-2021-brut-et-sa-performance-monumentale-dans-le-parc-de-l-orangerie-photo-dna-cedric-joubert-1627757484-1.jpg 1600w\" sizes=\"(max-width: 1024px) 100vw, 1024px\" \/><\/figure>\n\n\n\n<figure class=\"wp-block-image size-large\"><img loading=\"lazy\" decoding=\"async\" width=\"1024\" height=\"683\" src=\"http:\/\/groupenuits.com\/wp-content\/uploads\/2022\/07\/BRUT-Performance-monumentale-Cl.Vanryssel-DSCF3646-3-1024x683.jpg\" alt=\"\" class=\"wp-image-1276\" srcset=\"https:\/\/groupenuits.com\/wp-content\/uploads\/2022\/07\/BRUT-Performance-monumentale-Cl.Vanryssel-DSCF3646-3-1024x683.jpg 1024w, https:\/\/groupenuits.com\/wp-content\/uploads\/2022\/07\/BRUT-Performance-monumentale-Cl.Vanryssel-DSCF3646-3-300x200.jpg 300w, https:\/\/groupenuits.com\/wp-content\/uploads\/2022\/07\/BRUT-Performance-monumentale-Cl.Vanryssel-DSCF3646-3-768x512.jpg 768w, https:\/\/groupenuits.com\/wp-content\/uploads\/2022\/07\/BRUT-Performance-monumentale-Cl.Vanryssel-DSCF3646-3-1536x1024.jpg 1536w, https:\/\/groupenuits.com\/wp-content\/uploads\/2022\/07\/BRUT-Performance-monumentale-Cl.Vanryssel-DSCF3646-3-2048x1365.jpg 2048w, https:\/\/groupenuits.com\/wp-content\/uploads\/2022\/07\/BRUT-Performance-monumentale-Cl.Vanryssel-DSCF3646-3-930x620.jpg 930w\" sizes=\"(max-width: 1024px) 100vw, 1024px\" \/><\/figure>\n<\/div>\n<\/div>\n","protected":false},"excerpt":{"rendered":"<p>BRUT. cr\u00e9ation 2019 BRUT. c\u2019est,&nbsp;Un acte de construction,&nbsp;\u00c0 plusieurs.&nbsp;Une dynamique de groupe,&nbsp;Une aventure collective.&nbsp;Un projet avec presque rien,&nbsp;du bois,&nbsp;du son, le go\u00fbt du jeu.&nbsp;Des interpr\u00e8tes engag\u00e9s dans l\u2019\u00e9dification d\u2019un monument r\u00e9investissent les espaces de jeu et les transforment \u00e0 leur guise.&nbsp;Une construction qui interroge les liens immat\u00e9riels qui unissent et divisent ces trois \u00eatres. Ou&hellip;&nbsp;<a href=\"https:\/\/groupenuits.com\/index.php\/brut\/\" rel=\"bookmark\">Lire la suite &raquo;<span class=\"screen-reader-text\">BRUT.<\/span><\/a><\/p>\n","protected":false},"author":1,"featured_media":0,"parent":0,"menu_order":0,"comment_status":"closed","ping_status":"closed","template":"","meta":{"neve_meta_sidebar":"","neve_meta_container":"","neve_meta_enable_content_width":"","neve_meta_content_width":0,"neve_meta_title_alignment":"","neve_meta_author_avatar":"","neve_post_elements_order":"","neve_meta_disable_header":"","neve_meta_disable_footer":"","neve_meta_disable_title":"on","footnotes":""},"_links":{"self":[{"href":"https:\/\/groupenuits.com\/index.php\/wp-json\/wp\/v2\/pages\/74"}],"collection":[{"href":"https:\/\/groupenuits.com\/index.php\/wp-json\/wp\/v2\/pages"}],"about":[{"href":"https:\/\/groupenuits.com\/index.php\/wp-json\/wp\/v2\/types\/page"}],"author":[{"embeddable":true,"href":"https:\/\/groupenuits.com\/index.php\/wp-json\/wp\/v2\/users\/1"}],"replies":[{"embeddable":true,"href":"https:\/\/groupenuits.com\/index.php\/wp-json\/wp\/v2\/comments?post=74"}],"version-history":[{"count":58,"href":"https:\/\/groupenuits.com\/index.php\/wp-json\/wp\/v2\/pages\/74\/revisions"}],"predecessor-version":[{"id":1772,"href":"https:\/\/groupenuits.com\/index.php\/wp-json\/wp\/v2\/pages\/74\/revisions\/1772"}],"wp:attachment":[{"href":"https:\/\/groupenuits.com\/index.php\/wp-json\/wp\/v2\/media?parent=74"}],"curies":[{"name":"wp","href":"https:\/\/api.w.org\/{rel}","templated":true}]}}