{"id":841,"date":"2020-03-06T17:21:31","date_gmt":"2020-03-06T16:21:31","guid":{"rendered":"http:\/\/groupenuits.com\/?page_id=841"},"modified":"2025-05-21T18:22:59","modified_gmt":"2025-05-21T16:22:59","slug":"bal-pop","status":"publish","type":"page","link":"https:\/\/groupenuits.com\/index.php\/bal-pop\/","title":{"rendered":"GRAND BAL"},"content":{"rendered":"\n<div class=\"wp-block-columns is-layout-flex wp-container-core-columns-is-layout-1 wp-block-columns-is-layout-flex\">\n<div class=\"wp-block-column is-layout-flow wp-block-column-is-layout-flow\">\n<h2 class=\"wp-block-heading has-medium-font-size\" style=\"font-style:normal;font-weight:300\"><strong>Grand Bal<\/strong> &#8211; cr\u00e9ation partag\u00e9e 2024<\/h2>\n\n\n\n<p>A partir de danses et musiques populaires re-visit\u00e9es, <strong><em>Grand bal<\/em> <\/strong>est une invitation d\u00e9jant\u00e9e invoquant la joie collective. Ce spectacle chor\u00e9graphique festif et dynamisant est orchestr\u00e9 par quatre danseur.euse.s et des complices ambianceur.euses.<\/p>\n\n\n\n<p>Progressivement, le bal nous fait entrer dans la danse, cr\u00e9\u00e9e les contours d&rsquo;un dancefloor \u00e9ph\u00e9m\u00e8re et nous fait sentir le moment pr\u00e9sent, partag\u00e9 avec la communaut\u00e9.&nbsp;Ce bal est une introduction, un \u00e9chauffement, \u00e0 la mani\u00e8re d\u2019une mise en jambe de d\u00e9but de soir\u00e9e, il est suivi d\u2019un moment festif de type DJset pour que la f\u00eate continue et que les corps continuent de se d\u00e9lier \u00e0 l&rsquo;infini. <\/p>\n\n\n\n<p>La participation des habitant.e.s est une dimension centrale du projet. Un ou deux groupes se constituent en amont pour l&rsquo;occasion. Une vingtaine de personnes minimum (pouvant aller jusqu&rsquo;\u00e0 50 personnes) sont complices. Cette collaboration permet de lier la m\u00e9diation et la cr\u00e9ation. Chaque groupe participe \u00e0 quatre ateliers de 2h et une r\u00e9p\u00e9tition g\u00e9n\u00e9rale sur le site du jeu.<\/p>\n\n\n\n<p>Possibilit\u00e9s de cr\u00e9er des groupes danses, musiques, costumes suivant les envies et les relais sur le territoire.<\/p>\n\n\n\n<p style=\"font-size:14px\">cr\u00e9ation partag\u00e9e 2024<br>dancefloor populaire &amp; festif<br>dedans &#8211; dehors &#8211; fixe dur\u00e9e totale : 1h (suivi d&rsquo;un DJset) &#8211; tout public<br>jauge : 400 personnes<\/p>\n\n\n\n<p><strong>Conception <\/strong>Astrid Mayer &amp; Rapha\u00ebl Billet<br><strong>Interpr\u00e8tes<\/strong> Laura Delande,\u00a0Sandrine Roldan,\u00a0Rapha\u00ebl Billet\u00a0en alternance avec Matthis Silas\u00a0&amp; Astrid Mayer &amp; de nombreux.ses ambianceur.euse.s complices<br><strong>Conception lumi\u00e8re et r\u00e9gie lumi\u00e8re<\/strong>\u00a0Elie Martin<br><strong>Conception sonore et r\u00e9gie son<\/strong> Nils Roug\u00e9 \/ Mathieu Ducarre<br><strong>Regards ext\u00e9rieurs<\/strong>\u00a0Quentin Brevet &amp; Laure Buathier<br><strong>Conception costumes<\/strong> Suzanne Devaux &amp; Clara Jude \/ La Chloka<br><\/p>\n\n\n\n<p style=\"font-size:12px\"><strong>production : groupe nuits&nbsp;<br>Un projet de territoire port\u00e9 par la Ville de Clermont-Ferrand et Grand Bourg sur la saison 2023\/24<\/strong><\/p>\n<\/div>\n\n\n\n<div class=\"wp-block-column is-layout-flow wp-block-column-is-layout-flow\">\n<figure class=\"wp-block-embed is-type-video is-provider-youtube wp-block-embed-youtube wp-embed-aspect-16-9 wp-has-aspect-ratio\"><div class=\"wp-block-embed__wrapper\">\n<div class=\"nv-iframe-embed\"><iframe loading=\"lazy\" title=\"GRAND BAL - cr\u00e9ation partag\u00e9e 2024 (teaser)\" width=\"1200\" height=\"675\" src=\"https:\/\/www.youtube.com\/embed\/rgZ9Vn-y4Cg?feature=oembed\" frameborder=\"0\" allow=\"accelerometer; autoplay; clipboard-write; encrypted-media; gyroscope; picture-in-picture; web-share\" referrerpolicy=\"strict-origin-when-cross-origin\" allowfullscreen><\/iframe><\/div>\n<\/div><\/figure>\n\n\n\n<figure class=\"wp-block-image size-large\"><img loading=\"lazy\" decoding=\"async\" width=\"1024\" height=\"683\" src=\"https:\/\/groupenuits.com\/wp-content\/uploads\/2025\/05\/garanceli-BalPop-14juil24-subs-0105-1-1024x683.jpg\" alt=\"\" class=\"wp-image-1776\" srcset=\"https:\/\/groupenuits.com\/wp-content\/uploads\/2025\/05\/garanceli-BalPop-14juil24-subs-0105-1-1024x683.jpg 1024w, https:\/\/groupenuits.com\/wp-content\/uploads\/2025\/05\/garanceli-BalPop-14juil24-subs-0105-1-300x200.jpg 300w, https:\/\/groupenuits.com\/wp-content\/uploads\/2025\/05\/garanceli-BalPop-14juil24-subs-0105-1-768x512.jpg 768w, https:\/\/groupenuits.com\/wp-content\/uploads\/2025\/05\/garanceli-BalPop-14juil24-subs-0105-1-930x620.jpg 930w, https:\/\/groupenuits.com\/wp-content\/uploads\/2025\/05\/garanceli-BalPop-14juil24-subs-0105-1.jpg 1080w\" sizes=\"(max-width: 1024px) 100vw, 1024px\" \/><\/figure>\n\n\n\n<p>En parall\u00e8le, \u00e0 cette grand forme festive, nous proposons une forme plus l\u00e9g\u00e8re et adaptable : <a href=\"https:\/\/groupenuits.com\/index.php\/grand-boom\/\"><strong><em>GRAND BOOM<\/em><\/strong> <\/a>!<\/p>\n<\/div>\n<\/div>\n","protected":false},"excerpt":{"rendered":"<p>Grand Bal &#8211; cr\u00e9ation partag\u00e9e 2024 A partir de danses et musiques populaires re-visit\u00e9es, Grand bal est une invitation d\u00e9jant\u00e9e invoquant la joie collective. Ce spectacle chor\u00e9graphique festif et dynamisant est orchestr\u00e9 par quatre danseur.euse.s et des complices ambianceur.euses. Progressivement, le bal nous fait entrer dans la danse, cr\u00e9\u00e9e les contours d&rsquo;un dancefloor \u00e9ph\u00e9m\u00e8re et&hellip;&nbsp;<a href=\"https:\/\/groupenuits.com\/index.php\/bal-pop\/\" rel=\"bookmark\">Lire la suite &raquo;<span class=\"screen-reader-text\">GRAND BAL<\/span><\/a><\/p>\n","protected":false},"author":1,"featured_media":0,"parent":0,"menu_order":0,"comment_status":"closed","ping_status":"closed","template":"","meta":{"neve_meta_sidebar":"","neve_meta_container":"","neve_meta_enable_content_width":"","neve_meta_content_width":0,"neve_meta_title_alignment":"","neve_meta_author_avatar":"","neve_post_elements_order":"","neve_meta_disable_header":"","neve_meta_disable_footer":"","neve_meta_disable_title":"on","footnotes":""},"_links":{"self":[{"href":"https:\/\/groupenuits.com\/index.php\/wp-json\/wp\/v2\/pages\/841"}],"collection":[{"href":"https:\/\/groupenuits.com\/index.php\/wp-json\/wp\/v2\/pages"}],"about":[{"href":"https:\/\/groupenuits.com\/index.php\/wp-json\/wp\/v2\/types\/page"}],"author":[{"embeddable":true,"href":"https:\/\/groupenuits.com\/index.php\/wp-json\/wp\/v2\/users\/1"}],"replies":[{"embeddable":true,"href":"https:\/\/groupenuits.com\/index.php\/wp-json\/wp\/v2\/comments?post=841"}],"version-history":[{"count":27,"href":"https:\/\/groupenuits.com\/index.php\/wp-json\/wp\/v2\/pages\/841\/revisions"}],"predecessor-version":[{"id":1795,"href":"https:\/\/groupenuits.com\/index.php\/wp-json\/wp\/v2\/pages\/841\/revisions\/1795"}],"wp:attachment":[{"href":"https:\/\/groupenuits.com\/index.php\/wp-json\/wp\/v2\/media?parent=841"}],"curies":[{"name":"wp","href":"https:\/\/api.w.org\/{rel}","templated":true}]}}