{"id":942,"date":"2022-07-17T11:13:17","date_gmt":"2022-07-17T09:13:17","guid":{"rendered":"http:\/\/groupenuits.com\/?page_id=942"},"modified":"2026-03-18T10:23:39","modified_gmt":"2026-03-18T09:23:39","slug":"accueil-2","status":"publish","type":"page","link":"https:\/\/groupenuits.com\/","title":{"rendered":"accueil"},"content":{"rendered":"\n<h2 class=\"wp-block-heading\"><\/h2>\n\n\n\n<figure class=\"wp-block-image size-large\"><img loading=\"lazy\" decoding=\"async\" width=\"1024\" height=\"683\" src=\"http:\/\/groupenuits.com\/wp-content\/uploads\/2024\/06\/Garanceli-GroupeNuits-CTAR-2024-0089-1024x683.jpg\" alt=\"\" class=\"wp-image-1534\" srcset=\"https:\/\/groupenuits.com\/wp-content\/uploads\/2024\/06\/Garanceli-GroupeNuits-CTAR-2024-0089-1024x683.jpg 1024w, https:\/\/groupenuits.com\/wp-content\/uploads\/2024\/06\/Garanceli-GroupeNuits-CTAR-2024-0089-300x200.jpg 300w, https:\/\/groupenuits.com\/wp-content\/uploads\/2024\/06\/Garanceli-GroupeNuits-CTAR-2024-0089-768x512.jpg 768w, https:\/\/groupenuits.com\/wp-content\/uploads\/2024\/06\/Garanceli-GroupeNuits-CTAR-2024-0089-1536x1024.jpg 1536w, https:\/\/groupenuits.com\/wp-content\/uploads\/2024\/06\/Garanceli-GroupeNuits-CTAR-2024-0089-2048x1365.jpg 2048w, https:\/\/groupenuits.com\/wp-content\/uploads\/2024\/06\/Garanceli-GroupeNuits-CTAR-2024-0089-930x620.jpg 930w\" sizes=\"(max-width: 1024px) 100vw, 1024px\" \/><\/figure>\n\n\n\n<h2 class=\"wp-block-heading\">PROCHAINEMENT<\/h2>\n\n\n\n<figure class=\"wp-block-table\"><table><tbody><tr><td><a href=\"https:\/\/groupenuits.com\/index.php\/fragile\/\"><strong>FRAGILE<\/strong><\/a><br><strong>13\u00a0au 17.04<\/strong>\u00a0\/ r\u00e9sidence \/\u00a0P\u00f4le Pik en partenariat avec les Utopistes \/ Bron<br><strong>16 au 20.02<\/strong>\u00a0\/ r\u00e9sidence \/\u00a0Com\u00e9die de Clermont<br><strong>05 au 10.01<\/strong>\u00a0\/ r\u00e9sidence \/\u00a0Maison du Cirque\u00a0\/ Bourg-en-Bresse<br>&#8212;<br><strong>17.04<\/strong> <strong>\u00e0 15h\u00a0<\/strong>\/ sortie de r\u00e9sidence \/ P\u00f4le Pik\u00a0\/ Bron<br><strong>20.02 \u00e0 18h<\/strong>\u00a0\/ sortie de r\u00e9sidence \/\u00a0Com\u00e9die de Clermont<br>&#8212;<br><strong>03.04<\/strong> \/ <em>AVANT-PREMI\u00c8RE<\/em>\u00a0\/ Ferme de la F\u00f4ret \/ St-Trivier-de-Courtes<br><strong>25.04<\/strong>\u00a0\/ <em>PREMI\u00c8RE<\/em>\u00a0\/ Sc\u00e8ne d\u00e9couverte danse desoblique \/ Lyon<br><strong>27.04<\/strong>\u00a0\/ Coll\u00e8ge de l&rsquo;Huppe \/ Montrevel-en-Bresse<em> \/ s\u00e9ance scolaire<\/em><br><strong>28.04<\/strong>\u00a0\/ Ferme du Vinatier en collaboration avec P\u00f4le Pik\u00a0\/ Lyon<br><strong>10.05<\/strong>\u00a0\/\u00a0Festival Printemps des arts\u00a0\/ Corveissiat<br><strong>26, 27, 28 &amp; 29.05<\/strong>\u00a0\/ Th\u00e9\u00e2tre le Ciel hors-les-murs\u00a0\/ Billom<br><strong>09.06<\/strong>\u00a0\/ Coll\u00e8ge de\u00a0Ch\u00e2tillon-sur-Chalaronne <em>\/ s\u00e9ance scolaire<\/em><br><strong>19, 20 &amp; 21.06\u00a0<\/strong>\/\u00a0Les Invites de Villeurbanne\u00a0\/\u00a0<em>option<\/em><br><strong>04 &amp; 05.07<\/strong>\u00a0\/ Les Zaccros d&rsquo;ma rue\u00a0\/ Nevers \/ <em>option<\/em><br><strong>04.09<\/strong> \/ Festival T&rsquo;en veux en corps ?#13\u00a0\/ EHPAD La Montagne \/ Ch\u00e2tillon-sur-Chalaronne<br><strong>05.09<\/strong>\u00a0\/ Festival T&rsquo;en veux en corps ?#13\u00a0\/ Le grand R&rsquo; \/ Etrez<br><strong>20.09<\/strong>\u00a0\/ Th\u00e9\u00e2tre la Mouche \/ Saint-Genis-Laval \/ <em>option<\/em><br><strong>14.11<\/strong>\u00a0\/ Th\u00e9\u00e2tre de Cusset\u00a0\/ <em><em>option<\/em> pour la nuit du cirque<\/em><br><br><strong><a href=\"https:\/\/groupenuits.com\/index.php\/bal-pop\/\">GRAND BAL<\/a><\/strong><br><strong>23.04<\/strong> \/ Th\u00e9\u00e2tre l&rsquo;Astr\u00e9e \/ Lyon<br><br><a href=\"https:\/\/groupenuits.com\/index.php\/hors-cadre\/\"><strong>HORS CADRE<\/strong><\/a> <br><strong>>> R\u00e9sidence chor\u00e9graphique de territoire <\/strong>sur la commune de Ch\u00e2tillon-sur-Chalaronne de septembre 2025 \u00e0 novembre 2026 <br><strong>>> R\u00e9sidence de territoire avec la CTEAC Bresse<\/strong> de septembre 2025 \u00e0 juin 2027 <br>Territoire de Bresse : entre tradition et pop culture, un projet co-port\u00e9 avec la Cie Institout<br><strong>>> J&rsquo;irai danser chez vous. <\/strong>Dispositif de rencontre \u00e0 l&rsquo;\u00e9chelle du quartier de la Croix Blanche en partenariat avec le Centre Social A.Mercier<br>Retrouvez-nous <strong>du 06 au 10.10.25<\/strong>, du<strong> 17 au 21.11.25<\/strong> et du <strong>15 au 19.12.25<\/strong><\/td><\/tr><\/tbody><\/table><\/figure>\n\n\n\n<p style=\"font-size:10px\">cr\u00e9ation graphique : Astrid Mayer \/ cr\u00e9dits photos : <a href=\"https:\/\/www.facebook.com\/garanceliphoto\/\">Garance Li,<\/a> Nico LaGale, Claude Van Ryssel, Romain Etienne<\/p>\n","protected":false},"excerpt":{"rendered":"<p>PROCHAINEMENT FRAGILE13\u00a0au 17.04\u00a0\/ r\u00e9sidence \/\u00a0P\u00f4le Pik en partenariat avec les Utopistes \/ Bron16 au 20.02\u00a0\/ r\u00e9sidence \/\u00a0Com\u00e9die de Clermont05 au 10.01\u00a0\/ r\u00e9sidence \/\u00a0Maison du Cirque\u00a0\/ Bourg-en-Bresse&#8212;17.04 \u00e0 15h\u00a0\/ sortie de r\u00e9sidence \/ P\u00f4le Pik\u00a0\/ Bron20.02 \u00e0 18h\u00a0\/ sortie de r\u00e9sidence \/\u00a0Com\u00e9die de Clermont&#8212;03.04 \/ AVANT-PREMI\u00c8RE\u00a0\/ Ferme de la F\u00f4ret \/ St-Trivier-de-Courtes25.04\u00a0\/ PREMI\u00c8RE\u00a0\/ Sc\u00e8ne d\u00e9couverte danse&hellip;&nbsp;<a href=\"https:\/\/groupenuits.com\/\" rel=\"bookmark\">Lire la suite &raquo;<span class=\"screen-reader-text\">accueil<\/span><\/a><\/p>\n","protected":false},"author":1,"featured_media":0,"parent":0,"menu_order":0,"comment_status":"closed","ping_status":"closed","template":"","meta":{"neve_meta_sidebar":"","neve_meta_container":"","neve_meta_enable_content_width":"","neve_meta_content_width":0,"neve_meta_title_alignment":"","neve_meta_author_avatar":"","neve_post_elements_order":"","neve_meta_disable_header":"off","neve_meta_disable_footer":"off","neve_meta_disable_title":"on","footnotes":""},"_links":{"self":[{"href":"https:\/\/groupenuits.com\/index.php\/wp-json\/wp\/v2\/pages\/942"}],"collection":[{"href":"https:\/\/groupenuits.com\/index.php\/wp-json\/wp\/v2\/pages"}],"about":[{"href":"https:\/\/groupenuits.com\/index.php\/wp-json\/wp\/v2\/types\/page"}],"author":[{"embeddable":true,"href":"https:\/\/groupenuits.com\/index.php\/wp-json\/wp\/v2\/users\/1"}],"replies":[{"embeddable":true,"href":"https:\/\/groupenuits.com\/index.php\/wp-json\/wp\/v2\/comments?post=942"}],"version-history":[{"count":48,"href":"https:\/\/groupenuits.com\/index.php\/wp-json\/wp\/v2\/pages\/942\/revisions"}],"predecessor-version":[{"id":2070,"href":"https:\/\/groupenuits.com\/index.php\/wp-json\/wp\/v2\/pages\/942\/revisions\/2070"}],"wp:attachment":[{"href":"https:\/\/groupenuits.com\/index.php\/wp-json\/wp\/v2\/media?parent=942"}],"curies":[{"name":"wp","href":"https:\/\/api.w.org\/{rel}","templated":true}]}}